{"id":96,"date":"2026-04-12T09:39:42","date_gmt":"2026-04-12T09:39:42","guid":{"rendered":"https:\/\/newterritories.global\/?page_id=96"},"modified":"2026-04-12T09:42:43","modified_gmt":"2026-04-12T09:42:43","slug":"terminos-de-uso","status":"publish","type":"page","link":"https:\/\/newterritories.global\/?page_id=96","title":{"rendered":"Terminos de Uso"},"content":{"rendered":"\t\t<div data-elementor-type=\"wp-page\" data-elementor-id=\"96\" class=\"elementor elementor-96\">\n\t\t\t\t<div class=\"elementor-element elementor-element-6e8e6a8 e-flex e-con-boxed e-con e-parent\" data-id=\"6e8e6a8\" data-element_type=\"container\" data-e-type=\"container\">\n\t\t\t\t\t<div class=\"e-con-inner\">\n\t\t\t\t<div class=\"elementor-element elementor-element-d5153f3 elementor-widget elementor-widget-heading\" data-id=\"d5153f3\" data-element_type=\"widget\" data-e-type=\"widget\" data-widget_type=\"heading.default\">\n\t\t\t\t\t<h2 class=\"elementor-heading-title elementor-size-default\">T\u00e9rminos de uso<\/h2>\t\t\t\t<\/div>\n\t\t\t\t<div class=\"elementor-element elementor-element-ae4d3ce elementor-widget elementor-widget-heading\" data-id=\"ae4d3ce\" data-element_type=\"widget\" data-e-type=\"widget\" data-widget_type=\"heading.default\">\n\t\t\t\t\t<h2 class=\"elementor-heading-title elementor-size-default\">newterritories.global<\/h2>\t\t\t\t<\/div>\n\t\t\t\t<div class=\"elementor-element elementor-element-7901bff elementor-widget elementor-widget-text-editor\" data-id=\"7901bff\" data-element_type=\"widget\" data-e-type=\"widget\" data-widget_type=\"text-editor.default\">\n\t\t\t\t\t\t\t\t\t<h3 data-start=\"413\" data-end=\"430\">1. <strong data-start=\"420\" data-end=\"430\">\u00c1mbito<\/strong><\/h3><p data-start=\"431\" data-end=\"661\">Estas Condiciones regulan tu acceso y uso de este sitio y los servicios que NEWTERRITORIES ofrece a trav\u00e9s de newterritories.global . Al usar este sitio o realizar compras, aceptas estos t\u00e9rminos y todas las pol\u00edticas vinculadas aqu\u00ed.<\/p><h3 data-start=\"663\" data-end=\"687\">2. <strong data-start=\"670\" data-end=\"687\">Uso del Sitio<\/strong><\/h3><p data-start=\"688\" data-end=\"958\">Este sitio est\u00e1 destinado a ofrecer productos y servicios relacionados con defensa personal y equipamiento seguro. Aceptas usar el sitio solo con fines legales y de acuerdo con las leyes aplicables, incluidas regulaciones sobre compra y posesi\u00f3n de art\u00edculos de defensa.<\/p><h3 data-start=\"960\" data-end=\"995\">3. <strong data-start=\"967\" data-end=\"995\">Compras y Disponibilidad<\/strong><\/h3><p data-start=\"996\" data-end=\"1177\">Todos los pedidos est\u00e1n sujetos a disponibilidad y aprobaci\u00f3n. NT DEF se reserva el derecho de corregir errores, omisiones o inexactitudes, y de cancelar \u00f3rdenes si fuera necesario.<\/p><h3 data-start=\"1179\" data-end=\"1233\">4. <strong data-start=\"1186\" data-end=\"1233\">Pol\u00edtica de Productos Da\u00f1ados o Defectuosos<\/strong><\/h3><p data-start=\"1234\" data-end=\"1420\">Si recibes un producto da\u00f1ado o defectuoso, contacta con nosotros dentro de un plazo determinado para gestionar la sustituci\u00f3n seg\u00fan nuestros criterios de garant\u00eda y atenci\u00f3n al cliente.<\/p><h3 data-start=\"1422\" data-end=\"1467\">5. <strong data-start=\"1429\" data-end=\"1467\">Devoluciones por Cambio de Opini\u00f3n<\/strong><\/h3><p data-start=\"1468\" data-end=\"1686\">Aceptamos devoluciones si el producto cumple condiciones espec\u00edficas (producto sin usar, embalaje original) y dentro del plazo establecido, sujetas a una posible tarifa de reposici\u00f3n para cubrir costes administrativos.<\/p><h3 data-start=\"1688\" data-end=\"1720\">6. <strong data-start=\"1695\" data-end=\"1720\">Responsabilidad Legal<\/strong><\/h3><p data-start=\"1721\" data-end=\"1922\">No asumimos responsabilidad por el uso indebido de los productos adquiridos. Es responsabilidad del usuario conocer la legalidad y requisitos de uso de productos de defensa personal en su jurisdicci\u00f3n.<\/p><h3 data-start=\"1924\" data-end=\"1956\">7. <strong data-start=\"1931\" data-end=\"1956\">Contenido del Usuario<\/strong><\/h3><p data-start=\"1957\" data-end=\"2150\">Cualquier comentario o contenido que publiques en el sitio debe ser legal, respetuoso y no infringir derechos de terceros. Nos reservamos el derecho de moderar o eliminar contenido inapropiado.<\/p>\t\t\t\t\t\t\t\t<\/div>\n\t\t\t\t\t<\/div>\n\t\t\t\t<\/div>\n\t\t\t\t<\/div>\n\t\t","protected":false},"excerpt":{"rendered":"<p>T\u00e9rminos de uso newterritories.global 1. \u00c1mbito Estas Condiciones regulan tu acceso y uso de este sitio y los servicios que NEWTERRITORIES ofrece a trav\u00e9s de newterritories.global . Al usar este sitio o realizar compras, aceptas estos t\u00e9rminos y todas las pol\u00edticas vinculadas aqu\u00ed. 2. Uso del Sitio Este sitio est\u00e1 destinado a ofrecer productos y [&hellip;]<\/p>\n","protected":false},"author":1,"featured_media":0,"parent":0,"menu_order":0,"comment_status":"closed","ping_status":"closed","template":"","meta":{"footnotes":""},"class_list":["post-96","page","type-page","status-publish","hentry"],"_links":{"self":[{"href":"https:\/\/newterritories.global\/index.php?rest_route=\/wp\/v2\/pages\/96","targetHints":{"allow":["GET"]}}],"collection":[{"href":"https:\/\/newterritories.global\/index.php?rest_route=\/wp\/v2\/pages"}],"about":[{"href":"https:\/\/newterritories.global\/index.php?rest_route=\/wp\/v2\/types\/page"}],"author":[{"embeddable":true,"href":"https:\/\/newterritories.global\/index.php?rest_route=\/wp\/v2\/users\/1"}],"replies":[{"embeddable":true,"href":"https:\/\/newterritories.global\/index.php?rest_route=%2Fwp%2Fv2%2Fcomments&post=96"}],"version-history":[{"count":4,"href":"https:\/\/newterritories.global\/index.php?rest_route=\/wp\/v2\/pages\/96\/revisions"}],"predecessor-version":[{"id":100,"href":"https:\/\/newterritories.global\/index.php?rest_route=\/wp\/v2\/pages\/96\/revisions\/100"}],"wp:attachment":[{"href":"https:\/\/newterritories.global\/index.php?rest_route=%2Fwp%2Fv2%2Fmedia&parent=96"}],"curies":[{"name":"wp","href":"https:\/\/api.w.org\/{rel}","templated":true}]}}