{"id":88,"date":"2026-04-12T09:18:03","date_gmt":"2026-04-12T09:18:03","guid":{"rendered":"https:\/\/newterritories.global\/?page_id=88"},"modified":"2026-04-12T09:22:18","modified_gmt":"2026-04-12T09:22:18","slug":"politica-y-privacidad","status":"publish","type":"page","link":"https:\/\/newterritories.global\/?page_id=88","title":{"rendered":"Pol\u00edtica y Privacidad"},"content":{"rendered":"\t\t<div data-elementor-type=\"wp-page\" data-elementor-id=\"88\" class=\"elementor elementor-88\">\n\t\t\t\t<div class=\"elementor-element elementor-element-093b59c e-flex e-con-boxed e-con e-parent\" data-id=\"093b59c\" data-element_type=\"container\" data-e-type=\"container\">\n\t\t\t\t\t<div class=\"e-con-inner\">\n\t\t\t\t<div class=\"elementor-element elementor-element-bc52bbe elementor-widget elementor-widget-heading\" data-id=\"bc52bbe\" data-element_type=\"widget\" data-e-type=\"widget\" data-widget_type=\"heading.default\">\n\t\t\t\t\t<h2 class=\"elementor-heading-title elementor-size-default\">Pol\u00edtica de privacidad<\/h2>\t\t\t\t<\/div>\n\t\t\t\t<div class=\"elementor-element elementor-element-314ea68 elementor-widget elementor-widget-heading\" data-id=\"314ea68\" data-element_type=\"widget\" data-e-type=\"widget\" data-widget_type=\"heading.default\">\n\t\t\t\t\t<h2 class=\"elementor-heading-title elementor-size-default\">newterritories.global<\/h2>\t\t\t\t<\/div>\n\t\t\t\t<div class=\"elementor-element elementor-element-33d23a9 elementor-widget elementor-widget-text-editor\" data-id=\"33d23a9\" data-element_type=\"widget\" data-e-type=\"widget\" data-widget_type=\"text-editor.default\">\n\t\t\t\t\t\t\t\t\t<h3 data-start=\"2200\" data-end=\"2236\">1. <strong data-start=\"2207\" data-end=\"2236\">Informaci\u00f3n que Recogemos<\/strong><\/h3><p data-start=\"2237\" data-end=\"2353\">Recopilamos datos cuando visitas el sitio, realizas compras o te suscribes a nuestros servicios. Esto puede incluir:<\/p><ul data-start=\"2355\" data-end=\"2590\"><li data-start=\"2355\" data-end=\"2445\"><p data-start=\"2357\" data-end=\"2445\">Datos de dispositivo: navegador, IP, tipo de dispositivo, p\u00e1ginas visitadas y cookies.<\/p><\/li><li data-start=\"2446\" data-end=\"2590\"><p data-start=\"2448\" data-end=\"2590\">Informaci\u00f3n de pedido: nombre, direcci\u00f3n, correo electr\u00f3nico, datos de pago para procesar transacciones.<\/p><\/li><\/ul><h3 data-start=\"2592\" data-end=\"2629\">2. <strong data-start=\"2599\" data-end=\"2629\">C\u00f3mo Usamos Tu Informaci\u00f3n<\/strong><\/h3><p data-start=\"2630\" data-end=\"2652\">Usamos tus datos para:<\/p><ul data-start=\"2654\" data-end=\"2913\"><li data-start=\"2654\" data-end=\"2687\"><p data-start=\"2656\" data-end=\"2687\">Gestionar y procesar pedidos.<\/p><\/li><li data-start=\"2688\" data-end=\"2739\"><p data-start=\"2690\" data-end=\"2739\">Comunicarnos contigo sobre tu cuenta o compras.<\/p><\/li><li data-start=\"2740\" data-end=\"2794\"><p data-start=\"2742\" data-end=\"2794\">Detectar fraudes y mejorar la seguridad del sitio.<\/p><\/li><li data-start=\"2795\" data-end=\"2913\"><p data-start=\"2797\" data-end=\"2913\">Analizar interacciones para optimizar la experiencia y campa\u00f1as publicitarias.<\/p><\/li><\/ul><h3 data-start=\"2915\" data-end=\"2952\">3. <strong data-start=\"2922\" data-end=\"2952\">Marketing y Comunicaciones<\/strong><\/h3><p data-start=\"2953\" data-end=\"3174\">Si das consentimiento, podemos enviarte comunicaciones promocionales o mensajes SMS relacionados con actualizaciones de productos y ofertas. Podr\u00e1s darte de baja en cualquier momento.<\/p><h3 data-start=\"3176\" data-end=\"3218\">4. <strong data-start=\"3183\" data-end=\"3218\">Cookies y Tecnolog\u00edas Similares<\/strong><\/h3><p data-start=\"3219\" data-end=\"3382\">Utilizamos cookies, p\u00edxeles y otras tecnolog\u00edas para memorizar preferencias, gestionar sesiones y evaluar tr\u00e1fico. Puedes ajustar tus preferencias en tu navegador.<\/p><h3 data-start=\"3384\" data-end=\"3416\">5. <strong data-start=\"3391\" data-end=\"3416\">Compartir Informaci\u00f3n<\/strong><\/h3><p data-start=\"3417\" data-end=\"3449\">Podemos compartir tus datos con:<\/p><ul data-start=\"3451\" data-end=\"3667\"><li data-start=\"3451\" data-end=\"3535\"><p data-start=\"3453\" data-end=\"3535\">Proveedores de servicios que apoyan las funciones del sitio (PMS\/TPV\/anal\u00edtica).<\/p><\/li><li data-start=\"3536\" data-end=\"3585\"><p data-start=\"3538\" data-end=\"3585\">Socios de marketing y campa\u00f1as publicitarias.<\/p><\/li><li data-start=\"3586\" data-end=\"3667\"><p data-start=\"3588\" data-end=\"3667\">Autoridades legales si la ley lo exige.<\/p><\/li><\/ul><h3 data-start=\"3669\" data-end=\"3698\">6. <strong data-start=\"3676\" data-end=\"3698\">Retenci\u00f3n de Datos<\/strong><\/h3><p data-start=\"3699\" data-end=\"3843\">Conservamos tu informaci\u00f3n mientras sea necesario para cumplir con la finalidad por la que fue recopilada, o hasta que solicites su eliminaci\u00f3n.<\/p><h3 data-start=\"3845\" data-end=\"3863\">7. <strong data-start=\"3852\" data-end=\"3863\">Menores<\/strong><\/h3><p data-start=\"3864\" data-end=\"3968\">El sitio no est\u00e1 dirigido a menores de 18 a\u00f1os, y no recopilamos conscientemente informaci\u00f3n de menores.<\/p><h3 data-start=\"3970\" data-end=\"4003\">8. <strong data-start=\"3977\" data-end=\"4003\">Cambios en la Pol\u00edtica<\/strong><\/h3><p data-start=\"4004\" data-end=\"4153\">Podemos actualizar esta pol\u00edtica cuando sea necesario por razones legales o de operaci\u00f3n. Te informaremos cuando se produzcan cambios significativos.<\/p>\t\t\t\t\t\t\t\t<\/div>\n\t\t\t\t\t<\/div>\n\t\t\t\t<\/div>\n\t\t\t\t<\/div>\n\t\t","protected":false},"excerpt":{"rendered":"<p>Pol\u00edtica de privacidad newterritories.global 1. Informaci\u00f3n que Recogemos Recopilamos datos cuando visitas el sitio, realizas compras o te suscribes a nuestros servicios. Esto puede incluir: Datos de dispositivo: navegador, IP, tipo de dispositivo, p\u00e1ginas visitadas y cookies. Informaci\u00f3n de pedido: nombre, direcci\u00f3n, correo electr\u00f3nico, datos de pago para procesar transacciones. 2. C\u00f3mo Usamos Tu Informaci\u00f3n [&hellip;]<\/p>\n","protected":false},"author":1,"featured_media":0,"parent":0,"menu_order":0,"comment_status":"closed","ping_status":"closed","template":"","meta":{"footnotes":""},"class_list":["post-88","page","type-page","status-publish","hentry"],"_links":{"self":[{"href":"https:\/\/newterritories.global\/index.php?rest_route=\/wp\/v2\/pages\/88","targetHints":{"allow":["GET"]}}],"collection":[{"href":"https:\/\/newterritories.global\/index.php?rest_route=\/wp\/v2\/pages"}],"about":[{"href":"https:\/\/newterritories.global\/index.php?rest_route=\/wp\/v2\/types\/page"}],"author":[{"embeddable":true,"href":"https:\/\/newterritories.global\/index.php?rest_route=\/wp\/v2\/users\/1"}],"replies":[{"embeddable":true,"href":"https:\/\/newterritories.global\/index.php?rest_route=%2Fwp%2Fv2%2Fcomments&post=88"}],"version-history":[{"count":7,"href":"https:\/\/newterritories.global\/index.php?rest_route=\/wp\/v2\/pages\/88\/revisions"}],"predecessor-version":[{"id":95,"href":"https:\/\/newterritories.global\/index.php?rest_route=\/wp\/v2\/pages\/88\/revisions\/95"}],"wp:attachment":[{"href":"https:\/\/newterritories.global\/index.php?rest_route=%2Fwp%2Fv2%2Fmedia&parent=88"}],"curies":[{"name":"wp","href":"https:\/\/api.w.org\/{rel}","templated":true}]}}